{"id":2,"date":"2022-03-21T22:52:56","date_gmt":"2022-03-22T01:52:56","guid":{"rendered":"http:\/\/totaljardins.com.br\/?page_id=2"},"modified":"2026-04-02T21:30:04","modified_gmt":"2026-04-03T00:30:04","slug":"home","status":"publish","type":"page","link":"https:\/\/totaljardins.com.br\/","title":{"rendered":"Home"},"content":{"rendered":"\t\t<div data-elementor-type=\"wp-page\" data-elementor-id=\"2\" class=\"elementor elementor-2\" data-elementor-post-type=\"page\">\n\t\t\t\t<div class=\"elementor-element elementor-element-aa53a26 home e-con-full e-flex e-con e-parent\" data-id=\"aa53a26\" data-element_type=\"container\" data-e-type=\"container\" data-settings=\"{&quot;background_background&quot;:&quot;classic&quot;}\">\n\t\t<div class=\"elementor-element elementor-element-bbbc2cd e-flex e-con-boxed e-con e-child\" data-id=\"bbbc2cd\" data-element_type=\"container\" data-e-type=\"container\">\n\t\t\t\t\t<div class=\"e-con-inner\">\n\t\t<div class=\"elementor-element elementor-element-77c7c1e e-con-full e-flex e-con e-child\" data-id=\"77c7c1e\" data-element_type=\"container\" data-e-type=\"container\">\n\t\t\t\t<div class=\"elementor-element elementor-element-9bcc59c elementor-widget__width-inherit elementor-widget elementor-widget-image\" data-id=\"9bcc59c\" data-element_type=\"widget\" data-e-type=\"widget\" id=\"home\" data-widget_type=\"image.default\">\n\t\t\t\t\t\t\t\t\t\t\t\t\t\t\t<img fetchpriority=\"high\" decoding=\"async\" width=\"1024\" height=\"1024\" src=\"https:\/\/totaljardins.com.br\/wp-content\/uploads\/2026\/04\/paulo-up.webp\" class=\"attachment-full size-full wp-image-179\" alt=\"\" srcset=\"https:\/\/totaljardins.com.br\/wp-content\/uploads\/2026\/04\/paulo-up.webp 1024w, https:\/\/totaljardins.com.br\/wp-content\/uploads\/2026\/04\/paulo-up-300x300.webp 300w, https:\/\/totaljardins.com.br\/wp-content\/uploads\/2026\/04\/paulo-up-150x150.webp 150w, https:\/\/totaljardins.com.br\/wp-content\/uploads\/2026\/04\/paulo-up-768x768.webp 768w\" sizes=\"(max-width: 1024px) 100vw, 1024px\" \/>\t\t\t\t\t\t\t\t\t\t\t\t\t\t\t<\/div>\n\t\t\t\t<\/div>\n\t\t\t\t\t<\/div>\n\t\t\t\t<\/div>\n\t\t<div class=\"elementor-element elementor-element-d922153 e-con-full e-flex e-con e-child\" data-id=\"d922153\" data-element_type=\"container\" data-e-type=\"container\">\n\t\t\t\t<div class=\"elementor-element elementor-element-0c1031f elementor-widget elementor-widget-heading\" data-id=\"0c1031f\" data-element_type=\"widget\" data-e-type=\"widget\" data-widget_type=\"heading.default\">\n\t\t\t\t\t<h2 class=\"elementor-heading-title elementor-size-default\">Paulo Roland Sanselme Vieira<\/h2>\t\t\t\t<\/div>\n\t\t\t\t<div class=\"elementor-element elementor-element-5da956d elementor-widget elementor-widget-heading\" data-id=\"5da956d\" data-element_type=\"widget\" data-e-type=\"widget\" data-widget_type=\"heading.default\">\n\t\t\t\t\t<h2 class=\"elementor-heading-title elementor-size-default\">TOTAL JARDINS<\/h2>\t\t\t\t<\/div>\n\t\t\t\t<div class=\"elementor-element elementor-element-c46e2e7 elementor-widget elementor-widget-heading\" data-id=\"c46e2e7\" data-element_type=\"widget\" data-e-type=\"widget\" data-widget_type=\"heading.default\">\n\t\t\t\t\t<h2 class=\"elementor-heading-title elementor-size-default\">CNPJ: 38.087.676\/0001-37<\/h2>\t\t\t\t<\/div>\n\t\t\t\t<\/div>\n\t\t\t\t<div class=\"elementor-element elementor-element-2278b8a elementor-shape-rounded elementor-grid-0 e-grid-align-center elementor-widget elementor-widget-social-icons\" data-id=\"2278b8a\" data-element_type=\"widget\" data-e-type=\"widget\" data-widget_type=\"social-icons.default\">\n\t\t\t\t\t\t\t<div class=\"elementor-social-icons-wrapper elementor-grid\" role=\"list\">\n\t\t\t\t\t\t\t<span class=\"elementor-grid-item\" role=\"listitem\">\n\t\t\t\t\t<a class=\"elementor-icon elementor-social-icon elementor-social-icon-facebook elementor-repeater-item-905cb45\" href=\"https:\/\/www.facebook.com\/pauloroland\" target=\"_blank\">\n\t\t\t\t\t\t<span class=\"elementor-screen-only\">Facebook<\/span>\n\t\t\t\t\t\t<svg aria-hidden=\"true\" class=\"e-font-icon-svg e-fab-facebook\" viewBox=\"0 0 512 512\" xmlns=\"http:\/\/www.w3.org\/2000\/svg\"><path d=\"M504 256C504 119 393 8 256 8S8 119 8 256c0 123.78 90.69 226.38 209.25 245V327.69h-63V256h63v-54.64c0-62.15 37-96.48 93.67-96.48 27.14 0 55.52 4.84 55.52 4.84v61h-31.28c-30.8 0-40.41 19.12-40.41 38.73V256h68.78l-11 71.69h-57.78V501C413.31 482.38 504 379.78 504 256z\"><\/path><\/svg>\t\t\t\t\t<\/a>\n\t\t\t\t<\/span>\n\t\t\t\t\t\t\t<span class=\"elementor-grid-item\" role=\"listitem\">\n\t\t\t\t\t<a class=\"elementor-icon elementor-social-icon elementor-social-icon-instagram elementor-repeater-item-49e9a4b\" href=\"https:\/\/www.instagram.com\/pauloroland\" target=\"_blank\">\n\t\t\t\t\t\t<span class=\"elementor-screen-only\">Instagram<\/span>\n\t\t\t\t\t\t<svg aria-hidden=\"true\" class=\"e-font-icon-svg e-fab-instagram\" viewBox=\"0 0 448 512\" xmlns=\"http:\/\/www.w3.org\/2000\/svg\"><path d=\"M224.1 141c-63.6 0-114.9 51.3-114.9 114.9s51.3 114.9 114.9 114.9S339 319.5 339 255.9 287.7 141 224.1 141zm0 189.6c-41.1 0-74.7-33.5-74.7-74.7s33.5-74.7 74.7-74.7 74.7 33.5 74.7 74.7-33.6 74.7-74.7 74.7zm146.4-194.3c0 14.9-12 26.8-26.8 26.8-14.9 0-26.8-12-26.8-26.8s12-26.8 26.8-26.8 26.8 12 26.8 26.8zm76.1 27.2c-1.7-35.9-9.9-67.7-36.2-93.9-26.2-26.2-58-34.4-93.9-36.2-37-2.1-147.9-2.1-184.9 0-35.8 1.7-67.6 9.9-93.9 36.1s-34.4 58-36.2 93.9c-2.1 37-2.1 147.9 0 184.9 1.7 35.9 9.9 67.7 36.2 93.9s58 34.4 93.9 36.2c37 2.1 147.9 2.1 184.9 0 35.9-1.7 67.7-9.9 93.9-36.2 26.2-26.2 34.4-58 36.2-93.9 2.1-37 2.1-147.8 0-184.8zM398.8 388c-7.8 19.6-22.9 34.7-42.6 42.6-29.5 11.7-99.5 9-132.1 9s-102.7 2.6-132.1-9c-19.6-7.8-34.7-22.9-42.6-42.6-11.7-29.5-9-99.5-9-132.1s-2.6-102.7 9-132.1c7.8-19.6 22.9-34.7 42.6-42.6 29.5-11.7 99.5-9 132.1-9s102.7-2.6 132.1 9c19.6 7.8 34.7 22.9 42.6 42.6 11.7 29.5 9 99.5 9 132.1s2.7 102.7-9 132.1z\"><\/path><\/svg>\t\t\t\t\t<\/a>\n\t\t\t\t<\/span>\n\t\t\t\t\t\t\t<span class=\"elementor-grid-item\" role=\"listitem\">\n\t\t\t\t\t<a class=\"elementor-icon elementor-social-icon elementor-social-icon-whatsapp elementor-repeater-item-8119291\" href=\"https:\/\/api.whatsapp.com\/send?phone=5512997667074\" target=\"_blank\">\n\t\t\t\t\t\t<span class=\"elementor-screen-only\">Whatsapp<\/span>\n\t\t\t\t\t\t<svg aria-hidden=\"true\" class=\"e-font-icon-svg e-fab-whatsapp\" viewBox=\"0 0 448 512\" xmlns=\"http:\/\/www.w3.org\/2000\/svg\"><path d=\"M380.9 97.1C339 55.1 283.2 32 223.9 32c-122.4 0-222 99.6-222 222 0 39.1 10.2 77.3 29.6 111L0 480l117.7-30.9c32.4 17.7 68.9 27 106.1 27h.1c122.3 0 224.1-99.6 224.1-222 0-59.3-25.2-115-67.1-157zm-157 341.6c-33.2 0-65.7-8.9-94-25.7l-6.7-4-69.8 18.3L72 359.2l-4.4-7c-18.5-29.4-28.2-63.3-28.2-98.2 0-101.7 82.8-184.5 184.6-184.5 49.3 0 95.6 19.2 130.4 54.1 34.8 34.9 56.2 81.2 56.1 130.5 0 101.8-84.9 184.6-186.6 184.6zm101.2-138.2c-5.5-2.8-32.8-16.2-37.9-18-5.1-1.9-8.8-2.8-12.5 2.8-3.7 5.6-14.3 18-17.6 21.8-3.2 3.7-6.5 4.2-12 1.4-32.6-16.3-54-29.1-75.5-66-5.7-9.8 5.7-9.1 16.3-30.3 1.8-3.7.9-6.9-.5-9.7-1.4-2.8-12.5-30.1-17.1-41.2-4.5-10.8-9.1-9.3-12.5-9.5-3.2-.2-6.9-.2-10.6-.2-3.7 0-9.7 1.4-14.8 6.9-5.1 5.6-19.4 19-19.4 46.3 0 27.3 19.9 53.7 22.6 57.4 2.8 3.7 39.1 59.7 94.8 83.8 35.2 15.2 49 16.5 66.6 13.9 10.7-1.6 32.8-13.4 37.4-26.4 4.6-13 4.6-24.1 3.2-26.4-1.3-2.5-5-3.9-10.5-6.6z\"><\/path><\/svg>\t\t\t\t\t<\/a>\n\t\t\t\t<\/span>\n\t\t\t\t\t<\/div>\n\t\t\t\t\t\t<\/div>\n\t\t\t\t<div class=\"elementor-element elementor-element-76edfb5 elementor-widget__width-initial elementor-widget elementor-widget-image\" data-id=\"76edfb5\" data-element_type=\"widget\" data-e-type=\"widget\" data-widget_type=\"image.default\">\n\t\t\t\t\t\t\t\t\t\t\t\t\t\t\t\t<a href=\"https:\/\/api.whatsapp.com\/send?phone=5512997667074&#038;text=Ol%C3%A1%2C%20vi%20seu%20trabalho%20e%20tenho%20interesse%20em%20servi%C3%A7os%20com%20motosserra.%20Poderia%20me%20passar%20mais%20informa%C3%A7%C3%B5es%3F\" target=\"_blank\">\n\t\t\t\t\t\t\t<img decoding=\"async\" width=\"1990\" height=\"665\" src=\"https:\/\/totaljardins.com.br\/wp-content\/uploads\/2026\/04\/Servicos-com-Motosserra-1.webp\" class=\"elementor-animation-grow attachment-full size-full wp-image-181\" alt=\"\" srcset=\"https:\/\/totaljardins.com.br\/wp-content\/uploads\/2026\/04\/Servicos-com-Motosserra-1.webp 1990w, https:\/\/totaljardins.com.br\/wp-content\/uploads\/2026\/04\/Servicos-com-Motosserra-1-300x100.webp 300w, https:\/\/totaljardins.com.br\/wp-content\/uploads\/2026\/04\/Servicos-com-Motosserra-1-1024x342.webp 1024w, https:\/\/totaljardins.com.br\/wp-content\/uploads\/2026\/04\/Servicos-com-Motosserra-1-768x257.webp 768w, https:\/\/totaljardins.com.br\/wp-content\/uploads\/2026\/04\/Servicos-com-Motosserra-1-1536x513.webp 1536w\" sizes=\"(max-width: 1990px) 100vw, 1990px\" \/>\t\t\t\t\t\t\t\t<\/a>\n\t\t\t\t\t\t\t\t\t\t\t\t\t\t\t<\/div>\n\t\t\t\t<div class=\"elementor-element elementor-element-e8592d0 elementor-widget__width-initial imagem-flutuante elementor-widget elementor-widget-image\" data-id=\"e8592d0\" data-element_type=\"widget\" data-e-type=\"widget\" data-widget_type=\"image.default\">\n\t\t\t\t\t\t\t\t\t\t\t\t\t\t\t\t<a href=\"https:\/\/api.whatsapp.com\/send?phone=5512997667074&#038;text=Ol%C3%A1%2C%20gostaria%20de%20informa%C3%A7%C3%B5es%20sobre%20limpeza%20de%20palmeiras.%20Poderia%20me%20atender%3F\" target=\"_blank\">\n\t\t\t\t\t\t\t<img decoding=\"async\" width=\"800\" height=\"267\" src=\"https:\/\/totaljardins.com.br\/wp-content\/uploads\/2026\/04\/Servicos-com-Motosserra-2-1024x342.webp\" class=\"elementor-animation-grow attachment-large size-large wp-image-182\" alt=\"\" srcset=\"https:\/\/totaljardins.com.br\/wp-content\/uploads\/2026\/04\/Servicos-com-Motosserra-2-1024x342.webp 1024w, https:\/\/totaljardins.com.br\/wp-content\/uploads\/2026\/04\/Servicos-com-Motosserra-2-300x100.webp 300w, https:\/\/totaljardins.com.br\/wp-content\/uploads\/2026\/04\/Servicos-com-Motosserra-2-768x257.webp 768w, https:\/\/totaljardins.com.br\/wp-content\/uploads\/2026\/04\/Servicos-com-Motosserra-2-1536x513.webp 1536w, https:\/\/totaljardins.com.br\/wp-content\/uploads\/2026\/04\/Servicos-com-Motosserra-2.webp 1990w\" sizes=\"(max-width: 800px) 100vw, 800px\" \/>\t\t\t\t\t\t\t\t<\/a>\n\t\t\t\t\t\t\t\t\t\t\t\t\t\t\t<\/div>\n\t\t\t\t<div class=\"elementor-element elementor-element-9078a3f elementor-widget__width-initial elementor-widget elementor-widget-image\" data-id=\"9078a3f\" data-element_type=\"widget\" data-e-type=\"widget\" data-widget_type=\"image.default\">\n\t\t\t\t\t\t\t\t\t\t\t\t\t\t\t\t<a href=\"https:\/\/api.whatsapp.com\/send?phone=5512997667074&#038;text=Ol%C3%A1%2C%20gostaria%20de%20informa%C3%A7%C3%B5es%20sobre%20servi%C3%A7os%20de%20jardinagem%20em%20geral.%20Pode%20me%20atender%3F\" target=\"_blank\">\n\t\t\t\t\t\t\t<img loading=\"lazy\" decoding=\"async\" width=\"800\" height=\"267\" src=\"https:\/\/totaljardins.com.br\/wp-content\/uploads\/2026\/04\/Servicos-com-Motosserra-3-1024x342.webp\" class=\"elementor-animation-grow attachment-large size-large wp-image-183\" alt=\"\" srcset=\"https:\/\/totaljardins.com.br\/wp-content\/uploads\/2026\/04\/Servicos-com-Motosserra-3-1024x342.webp 1024w, https:\/\/totaljardins.com.br\/wp-content\/uploads\/2026\/04\/Servicos-com-Motosserra-3-300x100.webp 300w, https:\/\/totaljardins.com.br\/wp-content\/uploads\/2026\/04\/Servicos-com-Motosserra-3-768x257.webp 768w, https:\/\/totaljardins.com.br\/wp-content\/uploads\/2026\/04\/Servicos-com-Motosserra-3-1536x513.webp 1536w, https:\/\/totaljardins.com.br\/wp-content\/uploads\/2026\/04\/Servicos-com-Motosserra-3.webp 1990w\" sizes=\"(max-width: 800px) 100vw, 800px\" \/>\t\t\t\t\t\t\t\t<\/a>\n\t\t\t\t\t\t\t\t\t\t\t\t\t\t\t<\/div>\n\t\t\t\t<div class=\"elementor-element elementor-element-3497b57 elementor-widget__width-initial elementor-widget elementor-widget-image\" data-id=\"3497b57\" data-element_type=\"widget\" data-e-type=\"widget\" data-widget_type=\"image.default\">\n\t\t\t\t\t\t\t\t\t\t\t\t\t\t\t\t<a href=\"https:\/\/api.whatsapp.com\/send?phone=5512997667074&#038;text=Ol%C3%A1%2C%20gostaria%20de%20informa%C3%A7%C3%B5es%20sobre%20servi%C3%A7os%20de%20frete.%20Pode%20me%20atender%3F\" target=\"_blank\">\n\t\t\t\t\t\t\t<img loading=\"lazy\" decoding=\"async\" width=\"800\" height=\"267\" src=\"https:\/\/totaljardins.com.br\/wp-content\/uploads\/2026\/04\/Servicos-com-Motosserra-4-1024x342.webp\" class=\"elementor-animation-grow attachment-large size-large wp-image-190\" alt=\"\" srcset=\"https:\/\/totaljardins.com.br\/wp-content\/uploads\/2026\/04\/Servicos-com-Motosserra-4-1024x342.webp 1024w, https:\/\/totaljardins.com.br\/wp-content\/uploads\/2026\/04\/Servicos-com-Motosserra-4-300x100.webp 300w, https:\/\/totaljardins.com.br\/wp-content\/uploads\/2026\/04\/Servicos-com-Motosserra-4-768x257.webp 768w, https:\/\/totaljardins.com.br\/wp-content\/uploads\/2026\/04\/Servicos-com-Motosserra-4-1536x513.webp 1536w, https:\/\/totaljardins.com.br\/wp-content\/uploads\/2026\/04\/Servicos-com-Motosserra-4.webp 1990w\" sizes=\"(max-width: 800px) 100vw, 800px\" \/>\t\t\t\t\t\t\t\t<\/a>\n\t\t\t\t\t\t\t\t\t\t\t\t\t\t\t<\/div>\n\t\t\t\t<div class=\"elementor-element elementor-element-0dea8ac elementor-widget__width-initial elementor-widget-divider--view-line elementor-widget elementor-widget-divider\" data-id=\"0dea8ac\" data-element_type=\"widget\" data-e-type=\"widget\" data-widget_type=\"divider.default\">\n\t\t\t\t\t\t\t<div class=\"elementor-divider\">\n\t\t\t<span class=\"elementor-divider-separator\">\n\t\t\t\t\t\t<\/span>\n\t\t<\/div>\n\t\t\t\t\t\t<\/div>\n\t\t\t\t<div class=\"elementor-element elementor-element-2b50e3f elementor-widget__width-initial elementor-widget-tablet__width-inherit elementor-widget elementor-widget-image-carousel\" data-id=\"2b50e3f\" data-element_type=\"widget\" data-e-type=\"widget\" data-settings=\"{&quot;slides_to_show&quot;:&quot;2&quot;,&quot;navigation&quot;:&quot;none&quot;,&quot;autoplay_speed&quot;:50,&quot;speed&quot;:5000,&quot;image_spacing_custom&quot;:{&quot;unit&quot;:&quot;px&quot;,&quot;size&quot;:20,&quot;sizes&quot;:[]},&quot;image_spacing_custom_mobile&quot;:{&quot;unit&quot;:&quot;px&quot;,&quot;size&quot;:5,&quot;sizes&quot;:[]},&quot;autoplay&quot;:&quot;yes&quot;,&quot;pause_on_hover&quot;:&quot;yes&quot;,&quot;pause_on_interaction&quot;:&quot;yes&quot;,&quot;infinite&quot;:&quot;yes&quot;,&quot;image_spacing_custom_tablet&quot;:{&quot;unit&quot;:&quot;px&quot;,&quot;size&quot;:&quot;&quot;,&quot;sizes&quot;:[]}}\" data-widget_type=\"image-carousel.default\">\n\t\t\t\t\t\t\t<div class=\"elementor-image-carousel-wrapper swiper\" role=\"region\" aria-roledescription=\"carousel\" aria-label=\"Carrossel de imagens\" dir=\"ltr\">\n\t\t\t<div class=\"elementor-image-carousel swiper-wrapper\" aria-live=\"off\">\n\t\t\t\t\t\t\t\t<div class=\"swiper-slide\" role=\"group\" aria-roledescription=\"slide\" aria-label=\"1 de 21\"><figure class=\"swiper-slide-inner\"><img decoding=\"async\" class=\"swiper-slide-image\" src=\"https:\/\/totaljardins.com.br\/wp-content\/uploads\/2026\/04\/650051725_25949981261328060_3242834840689498630_n.webp\" alt=\"650051725_25949981261328060_3242834840689498630_n\" \/><\/figure><\/div><div class=\"swiper-slide\" role=\"group\" aria-roledescription=\"slide\" aria-label=\"2 de 21\"><figure class=\"swiper-slide-inner\"><img decoding=\"async\" class=\"swiper-slide-image\" src=\"https:\/\/totaljardins.com.br\/wp-content\/uploads\/2026\/04\/626801464_25610888705237319_5904212741204060007_n.webp\" alt=\"626801464_25610888705237319_5904212741204060007_n\" \/><\/figure><\/div><div class=\"swiper-slide\" role=\"group\" aria-roledescription=\"slide\" aria-label=\"3 de 21\"><figure class=\"swiper-slide-inner\"><img decoding=\"async\" class=\"swiper-slide-image\" src=\"https:\/\/totaljardins.com.br\/wp-content\/uploads\/2026\/04\/606020642_25349274374732088_1811744689555953235_n.webp\" alt=\"606020642_25349274374732088_1811744689555953235_n\" \/><\/figure><\/div><div class=\"swiper-slide\" role=\"group\" aria-roledescription=\"slide\" aria-label=\"4 de 21\"><figure class=\"swiper-slide-inner\"><img decoding=\"async\" class=\"swiper-slide-image\" src=\"https:\/\/totaljardins.com.br\/wp-content\/uploads\/2026\/04\/605767924_25324216373904555_5779220112480566642_n.webp\" alt=\"605767924_25324216373904555_5779220112480566642_n\" \/><\/figure><\/div><div class=\"swiper-slide\" role=\"group\" aria-roledescription=\"slide\" aria-label=\"5 de 21\"><figure class=\"swiper-slide-inner\"><img decoding=\"async\" class=\"swiper-slide-image\" src=\"https:\/\/totaljardins.com.br\/wp-content\/uploads\/2026\/04\/596295813_25133589849633876_26376335648460380_n.webp\" alt=\"596295813_25133589849633876_26376335648460380_n\" \/><\/figure><\/div><div class=\"swiper-slide\" role=\"group\" aria-roledescription=\"slide\" aria-label=\"6 de 21\"><figure class=\"swiper-slide-inner\"><img decoding=\"async\" class=\"swiper-slide-image\" src=\"https:\/\/totaljardins.com.br\/wp-content\/uploads\/2026\/04\/584630924_24996536560005873_4636275851693338844_n.webp\" alt=\"584630924_24996536560005873_4636275851693338844_n\" \/><\/figure><\/div><div class=\"swiper-slide\" role=\"group\" aria-roledescription=\"slide\" aria-label=\"7 de 21\"><figure class=\"swiper-slide-inner\"><img decoding=\"async\" class=\"swiper-slide-image\" src=\"https:\/\/totaljardins.com.br\/wp-content\/uploads\/2026\/04\/575686224_24870119225980941_682381530169380392_n.webp\" alt=\"575686224_24870119225980941_682381530169380392_n\" \/><\/figure><\/div><div class=\"swiper-slide\" role=\"group\" aria-roledescription=\"slide\" aria-label=\"8 de 21\"><figure class=\"swiper-slide-inner\"><img decoding=\"async\" class=\"swiper-slide-image\" src=\"https:\/\/totaljardins.com.br\/wp-content\/uploads\/2026\/04\/547641998_24398840859775449_1441185196410409274_n.webp\" alt=\"547641998_24398840859775449_1441185196410409274_n\" \/><\/figure><\/div><div class=\"swiper-slide\" role=\"group\" aria-roledescription=\"slide\" aria-label=\"9 de 21\"><figure class=\"swiper-slide-inner\"><img decoding=\"async\" class=\"swiper-slide-image\" src=\"https:\/\/totaljardins.com.br\/wp-content\/uploads\/2026\/04\/542141811_24275002162159320_6836075267946744038_n.webp\" alt=\"542141811_24275002162159320_6836075267946744038_n\" \/><\/figure><\/div><div class=\"swiper-slide\" role=\"group\" aria-roledescription=\"slide\" aria-label=\"10 de 21\"><figure class=\"swiper-slide-inner\"><img decoding=\"async\" class=\"swiper-slide-image\" src=\"https:\/\/totaljardins.com.br\/wp-content\/uploads\/2026\/04\/535089305_24168964306096440_3913366858813846638_n.webp\" alt=\"535089305_24168964306096440_3913366858813846638_n\" \/><\/figure><\/div><div class=\"swiper-slide\" role=\"group\" aria-roledescription=\"slide\" aria-label=\"11 de 21\"><figure class=\"swiper-slide-inner\"><img decoding=\"async\" class=\"swiper-slide-image\" src=\"https:\/\/totaljardins.com.br\/wp-content\/uploads\/2026\/04\/535401418_24168963556096515_1240091790168442520_n.webp\" alt=\"535401418_24168963556096515_1240091790168442520_n\" \/><\/figure><\/div><div class=\"swiper-slide\" role=\"group\" aria-roledescription=\"slide\" aria-label=\"12 de 21\"><figure class=\"swiper-slide-inner\"><img decoding=\"async\" class=\"swiper-slide-image\" src=\"https:\/\/totaljardins.com.br\/wp-content\/uploads\/2026\/04\/533723594_24143645441961660_3595480258046947772_n.webp\" alt=\"533723594_24143645441961660_3595480258046947772_n\" \/><\/figure><\/div><div class=\"swiper-slide\" role=\"group\" aria-roledescription=\"slide\" aria-label=\"13 de 21\"><figure class=\"swiper-slide-inner\"><img decoding=\"async\" class=\"swiper-slide-image\" src=\"https:\/\/totaljardins.com.br\/wp-content\/uploads\/2026\/04\/518526371_23896795379980002_4186088755074328464_n.webp\" alt=\"518526371_23896795379980002_4186088755074328464_n\" \/><\/figure><\/div><div class=\"swiper-slide\" role=\"group\" aria-roledescription=\"slide\" aria-label=\"14 de 21\"><figure class=\"swiper-slide-inner\"><img decoding=\"async\" class=\"swiper-slide-image\" src=\"https:\/\/totaljardins.com.br\/wp-content\/uploads\/2026\/04\/520629759_23933867582939448_6983969768532398443_n.webp\" alt=\"520629759_23933867582939448_6983969768532398443_n\" \/><\/figure><\/div><div class=\"swiper-slide\" role=\"group\" aria-roledescription=\"slide\" aria-label=\"15 de 21\"><figure class=\"swiper-slide-inner\"><img decoding=\"async\" class=\"swiper-slide-image\" src=\"https:\/\/totaljardins.com.br\/wp-content\/uploads\/2026\/04\/513396601_9994224873996954_4042202495712898935_n.webp\" alt=\"513396601_9994224873996954_4042202495712898935_n\" \/><\/figure><\/div><div class=\"swiper-slide\" role=\"group\" aria-roledescription=\"slide\" aria-label=\"16 de 21\"><figure class=\"swiper-slide-inner\"><img decoding=\"async\" class=\"swiper-slide-image\" src=\"https:\/\/totaljardins.com.br\/wp-content\/uploads\/2026\/04\/513460665_9992165190869589_6432178889414199482_n.webp\" alt=\"513460665_9992165190869589_6432178889414199482_n\" \/><\/figure><\/div><div class=\"swiper-slide\" role=\"group\" aria-roledescription=\"slide\" aria-label=\"17 de 21\"><figure class=\"swiper-slide-inner\"><img decoding=\"async\" class=\"swiper-slide-image\" src=\"https:\/\/totaljardins.com.br\/wp-content\/uploads\/2026\/04\/513853785_9991916667561108_1569836718917975456_n.webp\" alt=\"513853785_9991916667561108_1569836718917975456_n\" \/><\/figure><\/div><div class=\"swiper-slide\" role=\"group\" aria-roledescription=\"slide\" aria-label=\"18 de 21\"><figure class=\"swiper-slide-inner\"><img decoding=\"async\" class=\"swiper-slide-image\" src=\"https:\/\/totaljardins.com.br\/wp-content\/uploads\/2026\/04\/513396638_9991851197567655_2403865582290544692_n.webp\" alt=\"513396638_9991851197567655_2403865582290544692_n\" \/><\/figure><\/div><div class=\"swiper-slide\" role=\"group\" aria-roledescription=\"slide\" aria-label=\"19 de 21\"><figure class=\"swiper-slide-inner\"><img decoding=\"async\" class=\"swiper-slide-image\" src=\"https:\/\/totaljardins.com.br\/wp-content\/uploads\/2026\/04\/513125446_9990042987748476_8776998177612623681_n.webp\" alt=\"513125446_9990042987748476_8776998177612623681_n\" \/><\/figure><\/div><div class=\"swiper-slide\" role=\"group\" aria-roledescription=\"slide\" aria-label=\"20 de 21\"><figure class=\"swiper-slide-inner\"><img decoding=\"async\" class=\"swiper-slide-image\" src=\"https:\/\/totaljardins.com.br\/wp-content\/uploads\/2026\/04\/499593066_9679430765476368_1951257711893798982_n.webp\" alt=\"499593066_9679430765476368_1951257711893798982_n\" \/><\/figure><\/div><div class=\"swiper-slide\" role=\"group\" aria-roledescription=\"slide\" aria-label=\"21 de 21\"><figure class=\"swiper-slide-inner\"><img decoding=\"async\" class=\"swiper-slide-image\" src=\"https:\/\/totaljardins.com.br\/wp-content\/uploads\/2026\/04\/498207284_9675201935899251_1252923164775483547_n.webp\" alt=\"498207284_9675201935899251_1252923164775483547_n\" \/><\/figure><\/div>\t\t\t<\/div>\n\t\t\t\t\t\t\t\n\t\t\t\t\t\t\t\t\t<\/div>\n\t\t\t\t\t\t<\/div>\n\t\t\t\t<div class=\"elementor-element elementor-element-69c79a9 elementor-widget__width-initial esconder elementor-widget elementor-widget-text-editor\" data-id=\"69c79a9\" data-element_type=\"widget\" data-e-type=\"widget\" data-widget_type=\"text-editor.default\">\n\t\t\t\t\t\t\t\t\t<p><strong>Total Jardins<\/strong> \u00e9 uma empresa especializada em servi\u00e7os de jardinagem, oferecendo solu\u00e7\u00f5es pr\u00e1ticas e eficientes para manuten\u00e7\u00e3o e cuidados com \u00e1reas verdes. Com atua\u00e7\u00e3o profissional e uso de equipamentos adequados, como motosserra, a empresa realiza cortes, podas e outros servi\u00e7os essenciais para manter seu jardim sempre bonito, seguro e bem cuidado.<\/p><p>Comprometida com a qualidade e a satisfa\u00e7\u00e3o dos clientes, a Total Jardins atende com responsabilidade e dedica\u00e7\u00e3o, buscando sempre o melhor resultado em cada servi\u00e7o prestado.<\/p>\t\t\t\t\t\t\t\t<\/div>\n\t\t<div class=\"elementor-element elementor-element-c4d1fd0 e-flex e-con-boxed e-con e-child\" data-id=\"c4d1fd0\" data-element_type=\"container\" data-e-type=\"container\">\n\t\t\t\t\t<div class=\"e-con-inner\">\n\t\t\t\t<div class=\"elementor-element elementor-element-767b86d elementor-widget-tablet__width-initial elementor-view-default elementor-widget elementor-widget-icon\" data-id=\"767b86d\" data-element_type=\"widget\" data-e-type=\"widget\" data-widget_type=\"icon.default\">\n\t\t\t\t\t\t\t<div class=\"elementor-icon-wrapper\">\n\t\t\t<a class=\"elementor-icon\" href=\"#home\">\n\t\t\t<svg aria-hidden=\"true\" class=\"e-font-icon-svg e-fas-arrow-circle-up\" viewBox=\"0 0 512 512\" xmlns=\"http:\/\/www.w3.org\/2000\/svg\"><path d=\"M8 256C8 119 119 8 256 8s248 111 248 248-111 248-248 248S8 393 8 256zm143.6 28.9l72.4-75.5V392c0 13.3 10.7 24 24 24h16c13.3 0 24-10.7 24-24V209.4l72.4 75.5c9.3 9.7 24.8 9.9 34.3.4l10.9-11c9.4-9.4 9.4-24.6 0-33.9L273 107.7c-9.4-9.4-24.6-9.4-33.9 0L106.3 240.4c-9.4 9.4-9.4 24.6 0 33.9l10.9 11c9.6 9.5 25.1 9.3 34.4-.4z\"><\/path><\/svg>\t\t\t<\/a>\n\t\t<\/div>\n\t\t\t\t\t\t<\/div>\n\t\t\t\t\t<\/div>\n\t\t\t\t<\/div>\n\t\t\t\t<\/div>\n\t\t\t\t<\/div>\n\t\t","protected":false},"excerpt":{"rendered":"<p>Paulo Roland Sanselme Vieira TOTAL JARDINS CNPJ: 38.087.676\/0001-37 Facebook Instagram Whatsapp Total Jardins \u00e9 uma empresa especializada em servi\u00e7os de jardinagem, oferecendo solu\u00e7\u00f5es pr\u00e1ticas e eficientes para manuten\u00e7\u00e3o e cuidados com \u00e1reas verdes. Com atua\u00e7\u00e3o profissional e uso de equipamentos adequados, como motosserra, a empresa realiza cortes, podas e outros servi\u00e7os essenciais para manter seu [&hellip;]<\/p>\n","protected":false},"author":1,"featured_media":0,"parent":0,"menu_order":0,"comment_status":"closed","ping_status":"closed","template":"elementor_header_footer","meta":{"footnotes":""},"class_list":["post-2","page","type-page","status-publish","hentry"],"_links":{"self":[{"href":"https:\/\/totaljardins.com.br\/index.php?rest_route=\/wp\/v2\/pages\/2","targetHints":{"allow":["GET"]}}],"collection":[{"href":"https:\/\/totaljardins.com.br\/index.php?rest_route=\/wp\/v2\/pages"}],"about":[{"href":"https:\/\/totaljardins.com.br\/index.php?rest_route=\/wp\/v2\/types\/page"}],"author":[{"embeddable":true,"href":"https:\/\/totaljardins.com.br\/index.php?rest_route=\/wp\/v2\/users\/1"}],"replies":[{"embeddable":true,"href":"https:\/\/totaljardins.com.br\/index.php?rest_route=%2Fwp%2Fv2%2Fcomments&post=2"}],"version-history":[{"count":76,"href":"https:\/\/totaljardins.com.br\/index.php?rest_route=\/wp\/v2\/pages\/2\/revisions"}],"predecessor-version":[{"id":220,"href":"https:\/\/totaljardins.com.br\/index.php?rest_route=\/wp\/v2\/pages\/2\/revisions\/220"}],"wp:attachment":[{"href":"https:\/\/totaljardins.com.br\/index.php?rest_route=%2Fwp%2Fv2%2Fmedia&parent=2"}],"curies":[{"name":"wp","href":"https:\/\/api.w.org\/{rel}","templated":true}]}}